{"id":179,"date":"2023-05-02T11:07:43","date_gmt":"2023-05-02T11:07:43","guid":{"rendered":"https:\/\/totgel.es\/cookies\/"},"modified":"2023-05-02T11:07:43","modified_gmt":"2023-05-02T11:07:43","slug":"cookies","status":"publish","type":"page","link":"https:\/\/totgel.es\/en\/cookies\/","title":{"rendered":"COOKIES"},"content":{"rendered":"[vc_row type=&#8221;in_container&#8221; full_screen_row_position=&#8221;middle&#8221; column_margin=&#8221;default&#8221; column_direction=&#8221;default&#8221; column_direction_tablet=&#8221;default&#8221; column_direction_phone=&#8221;default&#8221; scene_position=&#8221;center&#8221; top_padding=&#8221;2%&#8221; constrain_group_1=&#8221;yes&#8221; bottom_padding=&#8221;2%&#8221; text_color=&#8221;dark&#8221; text_align=&#8221;left&#8221; row_border_radius=&#8221;none&#8221; row_border_radius_applies=&#8221;bg&#8221; overflow=&#8221;visible&#8221; overlay_strength=&#8221;0.3&#8243; gradient_direction=&#8221;left_to_right&#8221; shape_divider_position=&#8221;bottom&#8221; bg_image_animation=&#8221;none&#8221; gradient_type=&#8221;default&#8221; shape_type=&#8221;&#8221;][vc_column column_padding=&#8221;no-extra-padding&#8221; column_padding_tablet=&#8221;inherit&#8221; column_padding_phone=&#8221;inherit&#8221; column_padding_position=&#8221;all&#8221; column_element_direction_desktop=&#8221;default&#8221; column_element_spacing=&#8221;default&#8221; desktop_text_alignment=&#8221;default&#8221; tablet_text_alignment=&#8221;default&#8221; phone_text_alignment=&#8221;default&#8221; background_color_opacity=&#8221;1&#8243; background_hover_color_opacity=&#8221;1&#8243; column_backdrop_filter=&#8221;none&#8221; column_shadow=&#8221;none&#8221; column_border_radius=&#8221;none&#8221; column_link_target=&#8221;_self&#8221; column_position=&#8221;default&#8221; gradient_direction=&#8221;left_to_right&#8221; overlay_strength=&#8221;0.3&#8243; width=&#8221;1\/1&#8243; tablet_width_inherit=&#8221;default&#8221; animation_type=&#8221;default&#8221; bg_image_animation=&#8221;none&#8221; border_type=&#8221;simple&#8221; column_border_width=&#8221;none&#8221; column_border_style=&#8221;solid&#8221;][vc_column_text]\u00bfQu\u00e9 es una cookie?<\/p>\n<p>Una cookie es un fichero que se descarga en un dispositivo (ordenador o tel\u00e9fono m\u00f3vil) al acceder a determinadas p\u00e1ginas web. Las cookies permiten a una p\u00e1gina web, entre otras cosas, almacenar y recuperar informaci\u00f3n sobre los h\u00e1bitos de navegaci\u00f3n de un usuario o de un equipo y, dependiendo de la informaci\u00f3n que contengan y de la forma en que utilice su equipo, pueden utilizarse para reconocer al usuario.<\/p>\n<p>Cookies que utiliza esta p\u00e1gina web<\/p>\n<ul>\n<li>Cookies de seguridad: permite autenticar a los usuarios para proteger los datos frente a terceros no autorizados.<\/li>\n<li>Cookies anal\u00edticas: son aquellas que permiten al responsable de las mismas el seguimiento y el an\u00e1lisis del comportamiento de los usuarios de la p\u00e1gina web.<\/li>\n<li>Cookies de sesi\u00f3n: son un tipo de cookies dise\u00f1adas para recabar y almacenar datos mientras el usuario accede a la p\u00e1gina web.<\/li>\n<li>Cookies persistentes: son un tipo de cookies en el que los datos siguen almacenados en el terminal y pueden ser accedidos y tratados por un periodo definido por el responsable de la cookie.<\/li>\n<\/ul>\n<p>Bloquear y borrar cookies<\/p>\n<p>Usted puede permitir, bloquear o eliminar las cookies instaladas en su equipo mediante la configuraci\u00f3n de las opciones del navegador instalado en su ordenador.<br \/>\n\u00d8 Para m\u00e1s informaci\u00f3n sobre como bloquear y borrar el uso de las cookies con el navegador Firefox pulse\u00a0<a href=\"https:\/\/support.mozilla.org\/es\/kb\/impedir-que-los-sitios-web-guarden-sus-preferencia\">aqu\u00ed\u00a0<\/a>.<br \/>\n\u00d8 Para m\u00e1s informaci\u00f3n sobre como bloquear y borrar el uso de las cookies en el navegador de Google Chrome pulse\u00a0<a href=\"https:\/\/support.google.com\/chrome\/answer\/95647?hl=es\">aqu\u00ed\u00a0<\/a>.<br \/>\n\u00d8 Para m\u00e1s informaci\u00f3n sobre como bloquear y borrar el uso de las cookies con el navegador Internet Explorer pulse\u00a0<a href=\"http:\/\/windows.microsoft.com\/es-es\/windows7\/how-to-manage-cookies-in-internet-explorer-9\">aqu\u00ed\u00a0<\/a>.<\/p>\n<p>Detalle de las cookies<\/p>\n<table border=\"1\" width=\"1160\" cellspacing=\"0\" cellpadding=\"0\">\n<tbody>\n<tr>\n<td width=\"88\">NOMBRE<\/td>\n<td width=\"179\">TIPO\/FINALIDAD<\/td>\n<td width=\"97\">CADUCIDAD<\/td>\n<td width=\"90\">TITULAR<\/td>\n<td width=\"127\">M\u00c1S INFORMACION<\/td>\n<\/tr>\n<tr>\n<td width=\"88\">SID<\/td>\n<td width=\"179\">Cookie de seguridad<\/td>\n<td width=\"97\">Al finalizar la sesi\u00f3n de navegaci\u00f3n<\/td>\n<td width=\"90\">Google<\/td>\n<td width=\"127\"><a href=\"http:\/\/www.google.com\/intl\/es\/policies\/privacy\/\">Pol\u00edtica de \u00a0 privacidad de Google<\/a><\/td>\n<\/tr>\n<tr>\n<td width=\"88\">__utma<\/td>\n<td width=\"179\">Cookie anal\u00edtica: recoge informaci\u00f3n acerca de las visitas del \u00a0 usuario a la p\u00e1gina web.<\/td>\n<td width=\"97\">En dos a\u00f1os<\/td>\n<td width=\"90\">Google analytics<\/td>\n<td width=\"127\"><a href=\"http:\/\/www.google.com\/intl\/es\/policies\/privacy\/\">Pol\u00edtica de \u00a0 privacidad de Google<\/a><\/td>\n<\/tr>\n<tr>\n<td width=\"88\">__utmb<\/td>\n<td width=\"179\">Cookie anal\u00edtica: recoge informaci\u00f3n del momento en el que el usuario \u00a0 entra en la p\u00e1gina web.<\/td>\n<td width=\"97\">En 30 minutos<\/td>\n<td width=\"90\">Google analytics<\/td>\n<td width=\"127\"><a href=\"http:\/\/www.google.com\/intl\/es\/policies\/privacy\/\">Pol\u00edtica de \u00a0 privacidad de Google<\/a><\/td>\n<\/tr>\n<tr>\n<td width=\"88\">__utmc<\/td>\n<td width=\"179\">Cookie anal\u00edtica: recoge informaci\u00f3n del momento en el que el usuario \u00a0 sale de la p\u00e1gina web<\/td>\n<td width=\"97\">Al finalizar la sesi\u00f3n del navegador<\/td>\n<td width=\"90\">Google analytics<\/td>\n<td width=\"127\"><a href=\"http:\/\/www.google.com\/intl\/es\/policies\/privacy\/\">Pol\u00edtica de \u00a0 privacidad de Google<\/a><\/td>\n<\/tr>\n<tr>\n<td width=\"88\">__utmz<\/td>\n<td width=\"179\">Cookie anal\u00edtica: recoge acerca de c\u00f3mo ha encontrado el usuario la \u00a0 p\u00e1gina web.<\/td>\n<td width=\"97\">En 6 meses<\/td>\n<td width=\"90\">Google analytics<\/td>\n<td width=\"127\"><a href=\"http:\/\/www.google.com\/intl\/es\/policies\/privacy\/\">Pol\u00edtica de \u00a0 privacidad de Google<\/a><\/td>\n<\/tr>\n<\/tbody>\n<\/table>\n[\/vc_column_text][\/vc_column][\/vc_row]\n","protected":false},"excerpt":{"rendered":"<p>[vc_row type=&#8221;in_container&#8221; full_screen_row_position=&#8221;middle&#8221; column_margin=&#8221;default&#8221; column_direction=&#8221;default&#8221; column_direction_tablet=&#8221;default&#8221; column_direction_phone=&#8221;default&#8221; scene_position=&#8221;center&#8221; top_padding=&#8221;2%&#8221; constrain_group_1=&#8221;yes&#8221; bottom_padding=&#8221;2%&#8221; text_color=&#8221;dark&#8221; text_align=&#8221;left&#8221; row_border_radius=&#8221;none&#8221; row_border_radius_applies=&#8221;bg&#8221; overflow=&#8221;visible&#8221; overlay_strength=&#8221;0.3&#8243; gradient_direction=&#8221;left_to_right&#8221; shape_divider_position=&#8221;bottom&#8221; bg_image_animation=&#8221;none&#8221; gradient_type=&#8221;default&#8221; shape_type=&#8221;&#8221;][vc_column column_padding=&#8221;no-extra-padding&#8221; column_padding_tablet=&#8221;inherit&#8221; column_padding_phone=&#8221;inherit&#8221; column_padding_position=&#8221;all&#8221; column_element_direction_desktop=&#8221;default&#8221; column_element_spacing=&#8221;default&#8221; desktop_text_alignment=&#8221;default&#8221; tablet_text_alignment=&#8221;default&#8221;&#8230;<\/p>\n","protected":false},"author":1,"featured_media":0,"parent":0,"menu_order":0,"comment_status":"closed","ping_status":"closed","template":"","meta":{"footnotes":""},"class_list":["post-179","page","type-page","status-publish"],"_links":{"self":[{"href":"https:\/\/totgel.es\/en\/wp-json\/wp\/v2\/pages\/179","targetHints":{"allow":["GET"]}}],"collection":[{"href":"https:\/\/totgel.es\/en\/wp-json\/wp\/v2\/pages"}],"about":[{"href":"https:\/\/totgel.es\/en\/wp-json\/wp\/v2\/types\/page"}],"author":[{"embeddable":true,"href":"https:\/\/totgel.es\/en\/wp-json\/wp\/v2\/users\/1"}],"replies":[{"embeddable":true,"href":"https:\/\/totgel.es\/en\/wp-json\/wp\/v2\/comments?post=179"}],"version-history":[{"count":0,"href":"https:\/\/totgel.es\/en\/wp-json\/wp\/v2\/pages\/179\/revisions"}],"wp:attachment":[{"href":"https:\/\/totgel.es\/en\/wp-json\/wp\/v2\/media?parent=179"}],"curies":[{"name":"wp","href":"https:\/\/api.w.org\/{rel}","templated":true}]}}